{"id":193,"date":"2024-11-22T10:38:36","date_gmt":"2024-11-22T13:38:36","guid":{"rendered":"https:\/\/oeste.alphamicro.com.br\/?page_id=193"},"modified":"2024-11-22T10:38:55","modified_gmt":"2024-11-22T13:38:55","slug":"associacao-juridica","status":"publish","type":"page","link":"https:\/\/oeste.alphamicro.com.br\/?page_id=193","title":{"rendered":"Associa\u00e7\u00e3o Jur\u00eddica"},"content":{"rendered":"<p><b><u><span style=\"font-size: 11.0pt; font-family: 'Calibri','sans-serif'; color: #1f497d;\">DADOS PARA FATURAMENTO<\/span><\/u><\/b><\/p>\n<p><span style=\"font-size: 11.0pt; font-family: 'Calibri','sans-serif'; color: #1f497d;\">ASSOCIA\u00c7\u00c3O B\u00cdBLICA \u00a0E CULTURAL CARAPICUIBA DIVULGADORA DA B\u00cdBLIA<\/span><\/p>\n<p><span style=\"font-size: 11.0pt; font-family: 'Calibri','sans-serif'; color: #1f497d;\">ESTRADA DO GUATAMB\u00da, 59\u00a0 &#8211; Vila Silvi\u00e2nia \u00a0&#8211; CARAPICUIBA\u00a0 &#8211; SP<\/span><\/p>\n<p><span style=\"font-size: 11.0pt; font-family: 'Calibri','sans-serif'; color: #1f497d;\">CEP: 06321-620<\/span><\/p>\n<p><span style=\"font-size: 11.0pt; font-family: 'Calibri','sans-serif'; color: #1f497d;\">CNPJ: 73.069.239\/0001-91<\/span><\/p>\n<p><span style=\"font-size: 11.0pt; font-family: 'Calibri','sans-serif'; color: #1f497d;\">INSCRI\u00c7\u00c3O ISENTA<\/span><\/p>\n<p>476assjur@gmail.com<\/p>\n","protected":false},"excerpt":{"rendered":"<p>DADOS PARA FATURAMENTO ASSOCIA\u00c7\u00c3O B\u00cdBLICA \u00a0E CULTURAL CARAPICUIBA DIVULGADORA DA B\u00cdBLIA ESTRADA DO GUATAMB\u00da, 59\u00a0 &#8211; Vila Silvi\u00e2nia \u00a0&#8211; CARAPICUIBA\u00a0 &#8211; SP CEP: 06321-620 CNPJ: 73.069.239\/0001-91 INSCRI\u00c7\u00c3O ISENTA 476assjur@gmail.com<\/p>\n","protected":false},"author":1,"featured_media":0,"parent":191,"menu_order":0,"comment_status":"closed","ping_status":"closed","template":"","meta":{"footnotes":""},"class_list":["post-193","page","type-page","status-publish","hentry"],"_links":{"self":[{"href":"https:\/\/oeste.alphamicro.com.br\/index.php?rest_route=\/wp\/v2\/pages\/193","targetHints":{"allow":["GET"]}}],"collection":[{"href":"https:\/\/oeste.alphamicro.com.br\/index.php?rest_route=\/wp\/v2\/pages"}],"about":[{"href":"https:\/\/oeste.alphamicro.com.br\/index.php?rest_route=\/wp\/v2\/types\/page"}],"author":[{"embeddable":true,"href":"https:\/\/oeste.alphamicro.com.br\/index.php?rest_route=\/wp\/v2\/users\/1"}],"replies":[{"embeddable":true,"href":"https:\/\/oeste.alphamicro.com.br\/index.php?rest_route=%2Fwp%2Fv2%2Fcomments&post=193"}],"version-history":[{"count":2,"href":"https:\/\/oeste.alphamicro.com.br\/index.php?rest_route=\/wp\/v2\/pages\/193\/revisions"}],"predecessor-version":[{"id":195,"href":"https:\/\/oeste.alphamicro.com.br\/index.php?rest_route=\/wp\/v2\/pages\/193\/revisions\/195"}],"up":[{"embeddable":true,"href":"https:\/\/oeste.alphamicro.com.br\/index.php?rest_route=\/wp\/v2\/pages\/191"}],"wp:attachment":[{"href":"https:\/\/oeste.alphamicro.com.br\/index.php?rest_route=%2Fwp%2Fv2%2Fmedia&parent=193"}],"curies":[{"name":"wp","href":"https:\/\/api.w.org\/{rel}","templated":true}]}}